{"id":427,"date":"2023-10-16T15:00:00","date_gmt":"2023-10-16T15:00:00","guid":{"rendered":"http:\/\/localhost:8080\/?page_id=427"},"modified":"2023-10-31T16:21:08","modified_gmt":"2023-10-31T15:21:08","slug":"sobolmat","status":"publish","type":"page","link":"https:\/\/sobolmat.org\/","title":{"rendered":"Sobolmat"},"content":{"rendered":"<p>[et_pb_section fb_built=&#8221;1&#8243; _builder_version=&#8221;4.22.1&#8243; _module_preset=&#8221;default&#8221; background_image=&#8221;http:\/\/sobolmat-org.preview-domain.com\/wp-content\/uploads\/2023\/10\/sobolmatGRUPO.jpg&#8221; custom_margin=&#8221;||||false|false&#8221; custom_padding=&#8221;50px|50px|50px|50px|false|false&#8221; border_radii=&#8221;on|10px|10px|10px|10px&#8221; global_colors_info=&#8221;{}&#8221;][et_pb_row _builder_version=&#8221;4.22.1&#8243; _module_preset=&#8221;default&#8221; global_colors_info=&#8221;{}&#8221;][et_pb_column type=&#8221;4_4&#8243; _builder_version=&#8221;4.22.1&#8243; _module_preset=&#8221;default&#8221; global_colors_info=&#8221;{}&#8221;][et_pb_text _builder_version=&#8221;4.22.1&#8243; _module_preset=&#8221;default&#8221; text_text_color=&#8221;#FFFFFF&#8221; text_font_size=&#8221;60px&#8221; text_orientation=&#8221;center&#8221; text_text_shadow_style=&#8221;preset1&#8243; text_text_shadow_color=&#8221;#0a66b2&#8243; global_colors_info=&#8221;{}&#8221;]SOBOLMAT[\/et_pb_text][\/et_pb_column][\/et_pb_row][\/et_pb_section][et_pb_section fb_built=&#8221;1&#8243; _builder_version=&#8221;4.22.1&#8243; _module_preset=&#8221;default&#8221; background_enable_mask_style=&#8221;on&#8221; background_mask_style=&#8221;corner-lake&#8221; background_mask_color=&#8221;#527a89&#8243; animation_style=&#8221;fade&#8221; box_shadow_style=&#8221;preset5&#8243; box_shadow_horizontal=&#8221;4px&#8221; global_colors_info=&#8221;{}&#8221;][et_pb_row column_structure=&#8221;1_4,1_4,1_4,1_4&#8243; _builder_version=&#8221;4.22.1&#8243; _module_preset=&#8221;default&#8221; global_colors_info=&#8221;{}&#8221;][et_pb_column type=&#8221;1_4&#8243; _builder_version=&#8221;4.22.1&#8243; _module_preset=&#8221;default&#8221; global_colors_info=&#8221;{}&#8221;][et_pb_image src=&#8221;http:\/\/sobolmat-org.preview-domain.com\/wp-content\/uploads\/2023\/10\/autoridad_rector-3.png&#8221; title_text=&#8221;autoridad_rector&#8221; show_bottom_space=&#8221;off&#8221; align=&#8221;center&#8221; _builder_version=&#8221;4.22.1&#8243; _module_preset=&#8221;default&#8221; animation_style=&#8221;zoom&#8221; animation_direction=&#8221;right&#8221; box_shadow_style=&#8221;preset4&#8243; box_shadow_horizontal=&#8221;14px&#8221; box_shadow_vertical=&#8221;12px&#8221; box_shadow_blur=&#8221;8px&#8221; box_shadow_spread=&#8221;5px&#8221; global_colors_info=&#8221;{}&#8221;][\/et_pb_image][et_pb_text _builder_version=&#8221;4.22.1&#8243; _module_preset=&#8221;default&#8221; text_font_size=&#8221;36px&#8221; header_text_align=&#8221;center&#8221; header_text_color=&#8221;#000000&#8243; header_font_size=&#8221;56px&#8221; text_orientation=&#8221;center&#8221; min_height=&#8221;88.4px&#8221; custom_margin=&#8221;||-28px|||&#8221; text_text_shadow_style=&#8221;preset3&#8243; text_text_shadow_color=&#8221;#FFFFFF&#8221; header_text_shadow_style=&#8221;preset1&#8243; header_text_shadow_color=&#8221;#E02B20&#8243; global_colors_info=&#8221;{}&#8221;]<\/p>\n<p>&nbsp;<\/p>\n<h4 class=\"et_pb_module_header\">Dr. Santiago Sologuren Paz<\/h4>\n<p>[\/et_pb_text][\/et_pb_column][et_pb_column type=&#8221;1_4&#8243; _builder_version=&#8221;4.22.1&#8243; _module_preset=&#8221;default&#8221; global_colors_info=&#8221;{}&#8221;][et_pb_text _builder_version=&#8221;4.22.1&#8243; _module_preset=&#8221;default&#8221; text_font=&#8221;Actor||||||||&#8221; global_colors_info=&#8221;{}&#8221;]<\/p>\n<p align=\"justify\"><span style=\"font-family: Times New Roman, serif;\"><strong>HISTORIA DE SOBOLMAT<\/strong><br \/>\nEl 28 de noviembre de 1991, se fund\u00f3 SoBolMat en la ciudad de Oruro, siendo su primer Presidente el Dr. Oscar Pino. Despu\u00e9s de veinte a\u00f1os de actividad, consideramos que nuestra Instituci\u00f3n ha cumplido, en una serie de aspectos fundamentales, una labor a favor del desarrollo de la Matem\u00e1tica del pa\u00eds.<\/span><\/p>\n<p>[\/et_pb_text][\/et_pb_column][et_pb_column type=&#8221;1_4&#8243; _builder_version=&#8221;4.22.1&#8243; _module_preset=&#8221;default&#8221; global_colors_info=&#8221;{}&#8221;][et_pb_text _builder_version=&#8221;4.22.1&#8243; _module_preset=&#8221;default&#8221; header_text_align=&#8221;center&#8221; text_orientation=&#8221;center&#8221; hover_enabled=&#8221;0&#8243; global_colors_info=&#8221;{}&#8221; sticky_enabled=&#8221;0&#8243;]<\/p>\n<h2>Enlaces<\/h2>\n<p>[\/et_pb_text][et_pb_button button_url=&#8221;https:\/\/www.facebook.com\/sobolmat&#8221; url_new_window=&#8221;on&#8221; button_text=&#8221;Facebook&#8221; button_alignment=&#8221;center&#8221; _builder_version=&#8221;4.22.1&#8243; _module_preset=&#8221;default&#8221; custom_button=&#8221;on&#8221; button_bg_color=&#8221;RGBA(255,255,255,0)&#8221; filter_hue_rotate=&#8221;359deg&#8221; filter_saturate=&#8221;93%&#8221; filter_brightness=&#8221;106%&#8221; filter_invert=&#8221;1%&#8221; mix_blend_mode=&#8221;hard-light&#8221; global_colors_info=&#8221;{}&#8221;][\/et_pb_button][et_pb_button button_url=&#8221;https:\/\/www.youtube.com\/watch?v=Ob6dkyyG65Q&#038;t=275s&#8221; button_text=&#8221;YouTube&#8221; button_alignment=&#8221;center&#8221; _builder_version=&#8221;4.22.1&#8243; _module_preset=&#8221;default&#8221; filter_hue_rotate=&#8221;148deg&#8221; filter_saturate=&#8221;114%&#8221; global_colors_info=&#8221;{}&#8221;][\/et_pb_button][\/et_pb_column][et_pb_column type=&#8221;1_4&#8243; _builder_version=&#8221;4.22.1&#8243; _module_preset=&#8221;default&#8221; global_colors_info=&#8221;{}&#8221;][et_pb_video src=&#8221;http:\/\/sobolmat-org.preview-domain.com\/wp-content\/uploads\/2023\/10\/spotsobolmat.mp4&#8243; _builder_version=&#8221;4.22.1&#8243; _module_preset=&#8221;default&#8221; width=&#8221;200%&#8221; animation_style=&#8221;fold&#8221; global_colors_info=&#8221;{}&#8221;][\/et_pb_video][\/et_pb_column][\/et_pb_row][\/et_pb_section]<\/p>\n","protected":false},"excerpt":{"rendered":"<p>SOBOLMAT&nbsp; Dr. Santiago Sologuren PazHISTORIA DE SOBOLMAT El 28 de noviembre de 1991, se fund\u00f3 SoBolMat en la ciudad de Oruro, siendo su primer Presidente el Dr. Oscar Pino. Despu\u00e9s de veinte a\u00f1os de actividad, consideramos que nuestra Instituci\u00f3n ha cumplido, en una serie de aspectos fundamentales, una labor a favor del desarrollo de la [&hellip;]<\/p>\n","protected":false},"author":1,"featured_media":0,"parent":0,"menu_order":0,"comment_status":"closed","ping_status":"closed","template":"","meta":{"_et_pb_use_builder":"on","_et_pb_old_content":"","_et_gb_content_width":"","footnotes":""},"_links":{"self":[{"href":"https:\/\/sobolmat.org\/index.php?rest_route=\/wp\/v2\/pages\/427"}],"collection":[{"href":"https:\/\/sobolmat.org\/index.php?rest_route=\/wp\/v2\/pages"}],"about":[{"href":"https:\/\/sobolmat.org\/index.php?rest_route=\/wp\/v2\/types\/page"}],"author":[{"embeddable":true,"href":"https:\/\/sobolmat.org\/index.php?rest_route=\/wp\/v2\/users\/1"}],"replies":[{"embeddable":true,"href":"https:\/\/sobolmat.org\/index.php?rest_route=%2Fwp%2Fv2%2Fcomments&post=427"}],"version-history":[{"count":13,"href":"https:\/\/sobolmat.org\/index.php?rest_route=\/wp\/v2\/pages\/427\/revisions"}],"predecessor-version":[{"id":564,"href":"https:\/\/sobolmat.org\/index.php?rest_route=\/wp\/v2\/pages\/427\/revisions\/564"}],"wp:attachment":[{"href":"https:\/\/sobolmat.org\/index.php?rest_route=%2Fwp%2Fv2%2Fmedia&parent=427"}],"curies":[{"name":"wp","href":"https:\/\/api.w.org\/{rel}","templated":true}]}}