{"id":137,"date":"2023-10-03T15:08:54","date_gmt":"2023-10-03T15:08:54","guid":{"rendered":"http:\/\/localhost:8080\/?page_id=137"},"modified":"2023-10-30T20:25:41","modified_gmt":"2023-10-30T19:25:41","slug":"expositores","status":"publish","type":"page","link":"https:\/\/sobolmat.org\/?page_id=137","title":{"rendered":"Expositores"},"content":{"rendered":"<p>[et_pb_section fb_built=&#8221;1&#8243; _builder_version=&#8221;4.22.1&#8243; _module_preset=&#8221;default&#8221; background_image=&#8221;http:\/\/sobolmat-org.preview-domain.com\/wp-content\/uploads\/2023\/10\/cvcv.jpg&#8221; module_alignment=&#8221;right&#8221; min_height=&#8221;252px&#8221; height=&#8221;100px&#8221; max_height=&#8221;100px&#8221; module_alignment_tablet=&#8221;right&#8221; module_alignment_phone=&#8221;right&#8221; module_alignment_last_edited=&#8221;on|desktop&#8221; global_colors_info=&#8221;{}&#8221; theme_builder_area=&#8221;post_content&#8221;][et_pb_row _builder_version=&#8221;4.22.1&#8243; _module_preset=&#8221;default&#8221; width=&#8221;100%&#8221; max_width=&#8221;2560px&#8221; min_height=&#8221;10px&#8221; height=&#8221;10px&#8221; max_height=&#8221;100px&#8221; animation_style=&#8221;flip&#8221; global_colors_info=&#8221;{}&#8221; theme_builder_area=&#8221;post_content&#8221;][et_pb_column type=&#8221;4_4&#8243; _builder_version=&#8221;4.22.1&#8243; _module_preset=&#8221;default&#8221; global_colors_info=&#8221;{}&#8221; theme_builder_area=&#8221;post_content&#8221;][et_pb_text _builder_version=&#8221;4.22.1&#8243; _module_preset=&#8221;default&#8221; text_text_color=&#8221;#FFFFFF&#8221; text_font_size=&#8221;40px&#8221; text_letter_spacing=&#8221;7px&#8221; text_line_height=&#8221;3em&#8221; header_text_align=&#8221;center&#8221; header_text_color=&#8221;#EDF000&#8243; text_orientation=&#8221;center&#8221; animation_style=&#8221;slide&#8221; animation_direction=&#8221;top&#8221; text_text_shadow_style=&#8221;preset3&#8243; text_text_shadow_blur_strength=&#8221;1.04em&#8221; text_text_shadow_color=&#8221;#E09900&#8243; global_colors_info=&#8221;{}&#8221; theme_builder_area=&#8221;post_content&#8221;]<\/p>\n<p>EXPOSITORES<\/p>\n<p>[\/et_pb_text][\/et_pb_column][\/et_pb_row][\/et_pb_section][et_pb_section fb_built=&#8221;1&#8243; _builder_version=&#8221;4.22.1&#8243; _module_preset=&#8221;default&#8221; background_image=&#8221;http:\/\/sobolmat-org.preview-domain.com\/wp-content\/uploads\/2023\/10\/pexels-fwstudio-164005-scaled-1.jpg&#8221; global_colors_info=&#8221;{}&#8221; theme_builder_area=&#8221;post_content&#8221;][et_pb_row column_structure=&#8221;1_2,1_2&#8243; _builder_version=&#8221;4.22.1&#8243; _module_preset=&#8221;default&#8221; global_colors_info=&#8221;{}&#8221; theme_builder_area=&#8221;post_content&#8221;][et_pb_column type=&#8221;1_2&#8243; _builder_version=&#8221;4.22.1&#8243; _module_preset=&#8221;default&#8221; global_colors_info=&#8221;{}&#8221; theme_builder_area=&#8221;post_content&#8221;][et_pb_image src=&#8221;http:\/\/sobolmat-org.preview-domain.com\/wp-content\/uploads\/2023\/10\/Screenshot-from-2023-10-18-15-57-33.png&#8221; title_text=&#8221;Screenshot from 2023-10-18 15-57-33&#8243; _builder_version=&#8221;4.22.1&#8243; _module_preset=&#8221;default&#8221; custom_margin=&#8221;10px||||false|false&#8221; custom_padding=&#8221;10px||||false|false&#8221; border_width_all=&#8221;5px&#8221; global_colors_info=&#8221;{}&#8221; theme_builder_area=&#8221;post_content&#8221;][\/et_pb_image][\/et_pb_column][et_pb_column type=&#8221;1_2&#8243; _builder_version=&#8221;4.22.1&#8243; _module_preset=&#8221;default&#8221; global_colors_info=&#8221;{}&#8221; theme_builder_area=&#8221;post_content&#8221;][et_pb_text _builder_version=&#8221;4.22.1&#8243; _module_preset=&#8221;default&#8221; background_color=&#8221;#FFFFFF&#8221; module_alignment=&#8221;center&#8221; custom_margin=&#8221;100px|10px|10px|10px|false|false&#8221; custom_padding=&#8221;20px|20px|20px|20px|false|false&#8221; box_shadow_style=&#8221;preset1&#8243; box_shadow_vertical=&#8221;3px&#8221; box_shadow_blur=&#8221;40px&#8221; box_shadow_spread=&#8221;17px&#8221; box_shadow_color=&#8221;#bababa&#8221; global_colors_info=&#8221;{}&#8221; theme_builder_area=&#8221;post_content&#8221;]<\/p>\n<p style=\"text-align: justify;\"><span>La Asociaci\u00f3n Boliviana de Matem\u00e1ticas ha acumulado numerosos logros a lo largo de los a\u00f1os, gracias a sus exitosos proyectos, congresos, talleres y m\u00e1s. En estos eventos, se ha distinguido por la participaci\u00f3n de destacadas personalidades altamente cualificadas en el campo de las matem\u00e1ticas. Cada uno de ellos ha contribuido de manera invaluable, exponiendo y presentando temas matem\u00e1ticos de una forma \u00fanica y enriquecedora. Este intercambio de conocimientos y experiencias ha fortalecido significativamente la comunidad matem\u00e1tica boliviana y ha promovido un ambiente de aprendizaje colaborativo enriquecedor.<\/span><\/p>\n<p>[\/et_pb_text][\/et_pb_column][\/et_pb_row][et_pb_row column_structure=&#8221;1_2,1_2&#8243; _builder_version=&#8221;4.22.1&#8243; _module_preset=&#8221;default&#8221; global_colors_info=&#8221;{}&#8221; theme_builder_area=&#8221;post_content&#8221;][et_pb_column type=&#8221;1_2&#8243; _builder_version=&#8221;4.22.1&#8243; _module_preset=&#8221;default&#8221; global_colors_info=&#8221;{}&#8221; theme_builder_area=&#8221;post_content&#8221;][et_pb_image src=&#8221;http:\/\/sobolmat-org.preview-domain.com\/wp-content\/uploads\/2023\/10\/zyro-image-2-231&#215;300-1.png&#8221; title_text=&#8221;zyro-image (2)&#8221; align=&#8221;center&#8221; _builder_version=&#8221;4.22.1&#8243; _module_preset=&#8221;default&#8221; custom_padding=&#8221;|50px|||false|false&#8221; border_width_all=&#8221;7px&#8221; global_colors_info=&#8221;{}&#8221; theme_builder_area=&#8221;post_content&#8221;][\/et_pb_image][\/et_pb_column][et_pb_column type=&#8221;1_2&#8243; _builder_version=&#8221;4.22.1&#8243; _module_preset=&#8221;default&#8221; global_colors_info=&#8221;{}&#8221; theme_builder_area=&#8221;post_content&#8221;][et_pb_text _builder_version=&#8221;4.22.1&#8243; _module_preset=&#8221;default&#8221; text_font_size=&#8221;19px&#8221; text_line_height=&#8221;1.8em&#8221; header_text_align=&#8221;left&#8221; background_color=&#8221;#FFFFFF&#8221; width=&#8221;70%&#8221; max_width=&#8221;100%&#8221; module_alignment=&#8221;center&#8221; min_height=&#8221;100px&#8221; height=&#8221;293px&#8221; custom_margin=&#8221;20px|20px|20px|20px|false|false&#8221; custom_padding=&#8221;20px|20px|20px|20px|false|false&#8221; box_shadow_style=&#8221;preset4&#8243; global_colors_info=&#8221;{}&#8221; theme_builder_area=&#8221;post_content&#8221;]<\/p>\n<p>Rimer Zurita Orellana<\/p>\n<p>Estudios: Universidad Mayor De San Sim\u00f3n<\/p>\n<p>En el congreso de Sobolmat &#8220;Relacion de Recurrencia de tipo lineal&#8221;<\/p>\n<p>[\/et_pb_text][\/et_pb_column][\/et_pb_row][et_pb_row column_structure=&#8221;1_2,1_2&#8243; _builder_version=&#8221;4.22.1&#8243; _module_preset=&#8221;default&#8221; global_colors_info=&#8221;{}&#8221; theme_builder_area=&#8221;post_content&#8221;][et_pb_column type=&#8221;1_2&#8243; _builder_version=&#8221;4.22.1&#8243; _module_preset=&#8221;default&#8221; global_colors_info=&#8221;{}&#8221; theme_builder_area=&#8221;post_content&#8221;][et_pb_image src=&#8221;http:\/\/sobolmat-org.preview-domain.com\/wp-content\/uploads\/2023\/10\/Screenshot-from-2023-10-18-16-07-53-201&#215;300-1.png&#8221; title_text=&#8221;Screenshot from 2023-10-18 16-07-53&#8243; align=&#8221;center&#8221; _builder_version=&#8221;4.22.1&#8243; _module_preset=&#8221;default&#8221; module_alignment=&#8221;center&#8221; custom_margin=&#8221;|55px|||false|false&#8221; custom_padding=&#8221;10px|55px|10px|10px|false|false&#8221; border_width_all=&#8221;9px&#8221; global_colors_info=&#8221;{}&#8221; theme_builder_area=&#8221;post_content&#8221;][\/et_pb_image][\/et_pb_column][et_pb_column type=&#8221;1_2&#8243; _builder_version=&#8221;4.22.1&#8243; _module_preset=&#8221;default&#8221; global_colors_info=&#8221;{}&#8221; theme_builder_area=&#8221;post_content&#8221;][et_pb_text _builder_version=&#8221;4.22.1&#8243; _module_preset=&#8221;default&#8221; text_font_size=&#8221;18px&#8221; text_line_height=&#8221;1.8em&#8221; header_text_align=&#8221;center&#8221; header_text_color=&#8221;#000000&#8243; background_color=&#8221;#FFFFFF&#8221; text_orientation=&#8221;justified&#8221; max_width=&#8221;70%&#8221; height=&#8221;298px&#8221; custom_margin=&#8221;|||75px|false|false&#8221; custom_padding=&#8221;20px|20px|20px|20px|false|false&#8221; box_shadow_style=&#8221;preset4&#8243; global_colors_info=&#8221;{}&#8221; theme_builder_area=&#8221;post_content&#8221;]<\/p>\n<p>Ing. Ramiro Terceros Zabala<\/p>\n<p>Estudios: Universidad Mayor De San Sim\u00f3n<\/p>\n<p>Se presento en el congreso de sobolmat &#8220;Actividades autovaluables con Geogebra&#8221;<\/p>\n<p>[\/et_pb_text][\/et_pb_column][\/et_pb_row][et_pb_row column_structure=&#8221;1_3,1_3,1_3&#8243; _builder_version=&#8221;4.22.1&#8243; _module_preset=&#8221;default&#8221; global_colors_info=&#8221;{}&#8221; theme_builder_area=&#8221;post_content&#8221;][et_pb_column type=&#8221;1_3&#8243; _builder_version=&#8221;4.22.1&#8243; _module_preset=&#8221;default&#8221; global_colors_info=&#8221;{}&#8221; theme_builder_area=&#8221;post_content&#8221;][et_pb_text _builder_version=&#8221;4.22.1&#8243; _module_preset=&#8221;default&#8221; text_font_size=&#8221;20px&#8221; background_color=&#8221;#FFFFFF&#8221; custom_padding=&#8221;20px|20px|20px|20px|false|false&#8221; box_shadow_style=&#8221;preset4&#8243; global_colors_info=&#8221;{}&#8221; theme_builder_area=&#8221;post_content&#8221;]<\/p>\n<p style=\"text-align: justify;\">M.Sc. Marcelo Machicado Rossi<\/p>\n<p style=\"text-align: justify;\">Estudios Universidad Mayor De San Andres<\/p>\n<p style=\"text-align: justify;\">Se presento en el congreso de Sobolmat &#8220;Notas selectivas sobre teor\u00eda de grafos&#8221;<\/p>\n<p>[\/et_pb_text][\/et_pb_column][et_pb_column type=&#8221;1_3&#8243; _builder_version=&#8221;4.22.1&#8243; _module_preset=&#8221;default&#8221; global_colors_info=&#8221;{}&#8221; theme_builder_area=&#8221;post_content&#8221;][et_pb_text _builder_version=&#8221;4.22.1&#8243; _module_preset=&#8221;default&#8221; text_font_size=&#8221;20px&#8221; background_color=&#8221;#FFFFFF&#8221; custom_padding=&#8221;20px|20px|20px|20px|false|false&#8221; box_shadow_style=&#8221;preset4&#8243; global_colors_info=&#8221;{}&#8221; theme_builder_area=&#8221;post_content&#8221;]<\/p>\n<p>Ing Oscar Ortiz Antunez<\/p>\n<p>Estudios: Universidad Mayor De San Sim\u00f3n<\/p>\n<p style=\"text-align: justify;\">Se presento en el congreso de sobolmat &#8220;Dise\u00f1o probador de aislamiento de transformadores antes descargas atmosf\u00e9ricas&#8221;<\/p>\n<p>[\/et_pb_text][\/et_pb_column][et_pb_column type=&#8221;1_3&#8243; _builder_version=&#8221;4.22.1&#8243; _module_preset=&#8221;default&#8221; global_colors_info=&#8221;{}&#8221; theme_builder_area=&#8221;post_content&#8221;][et_pb_text _builder_version=&#8221;4.22.1&#8243; _module_preset=&#8221;default&#8221; text_font_size=&#8221;20px&#8221; background_color=&#8221;#FFFFFF&#8221; custom_padding=&#8221;20px|20px|20px|20px|false|false&#8221; box_shadow_style=&#8221;preset4&#8243; global_colors_info=&#8221;{}&#8221; theme_builder_area=&#8221;post_content&#8221;]<\/p>\n<p>Ing Marcos Burgos<\/p>\n<p>Estudios: Universidad Mayor De San Sim\u00f3n<\/p>\n<p>Se presento en el congreso de Sobolmat &#8220;La funci\u00f3n Zeta como un caso particular de la F\u00f3rmula Euler-Maclaurion&#8221;<\/p>\n<p>[\/et_pb_text][\/et_pb_column][\/et_pb_row][\/et_pb_section]<\/p>\n","protected":false},"excerpt":{"rendered":"<p>EXPOSITORESLa Asociaci\u00f3n Boliviana de Matem\u00e1ticas ha acumulado numerosos logros a lo largo de los a\u00f1os, gracias a sus exitosos proyectos, congresos, talleres y m\u00e1s. En estos eventos, se ha distinguido por la participaci\u00f3n de destacadas personalidades altamente cualificadas en el campo de las matem\u00e1ticas. Cada uno de ellos ha contribuido de manera invaluable, exponiendo y [&hellip;]<\/p>\n","protected":false},"author":1,"featured_media":0,"parent":0,"menu_order":0,"comment_status":"closed","ping_status":"closed","template":"","meta":{"_et_pb_use_builder":"on","_et_pb_old_content":"","_et_gb_content_width":"","footnotes":""},"_links":{"self":[{"href":"https:\/\/sobolmat.org\/index.php?rest_route=\/wp\/v2\/pages\/137"}],"collection":[{"href":"https:\/\/sobolmat.org\/index.php?rest_route=\/wp\/v2\/pages"}],"about":[{"href":"https:\/\/sobolmat.org\/index.php?rest_route=\/wp\/v2\/types\/page"}],"author":[{"embeddable":true,"href":"https:\/\/sobolmat.org\/index.php?rest_route=\/wp\/v2\/users\/1"}],"replies":[{"embeddable":true,"href":"https:\/\/sobolmat.org\/index.php?rest_route=%2Fwp%2Fv2%2Fcomments&post=137"}],"version-history":[{"count":2,"href":"https:\/\/sobolmat.org\/index.php?rest_route=\/wp\/v2\/pages\/137\/revisions"}],"predecessor-version":[{"id":552,"href":"https:\/\/sobolmat.org\/index.php?rest_route=\/wp\/v2\/pages\/137\/revisions\/552"}],"wp:attachment":[{"href":"https:\/\/sobolmat.org\/index.php?rest_route=%2Fwp%2Fv2%2Fmedia&parent=137"}],"curies":[{"name":"wp","href":"https:\/\/api.w.org\/{rel}","templated":true}]}}