{"id":133,"date":"2023-10-03T15:08:10","date_gmt":"2023-10-03T15:08:10","guid":{"rendered":"http:\/\/localhost:8080\/?page_id=133"},"modified":"2023-10-30T17:38:57","modified_gmt":"2023-10-30T16:38:57","slug":"proyectos","status":"publish","type":"page","link":"https:\/\/sobolmat.org\/?page_id=133","title":{"rendered":"Proyectos"},"content":{"rendered":"<p>[et_pb_section fb_built=&#8221;1&#8243; _builder_version=&#8221;4.22.1&#8243; _module_preset=&#8221;default&#8221; background_image=&#8221;http:\/\/sobolmat-org.preview-domain.com\/wp-content\/uploads\/2023\/10\/sobolmatGRUPO.jpg&#8221; global_colors_info=&#8221;{}&#8221; theme_builder_area=&#8221;post_content&#8221;][et_pb_row _builder_version=&#8221;4.22.1&#8243; _module_preset=&#8221;default&#8221; global_colors_info=&#8221;{}&#8221; theme_builder_area=&#8221;post_content&#8221;][et_pb_column type=&#8221;4_4&#8243; _builder_version=&#8221;4.22.1&#8243; _module_preset=&#8221;default&#8221; global_colors_info=&#8221;{}&#8221; theme_builder_area=&#8221;post_content&#8221;][et_pb_text _builder_version=&#8221;4.22.1&#8243; _module_preset=&#8221;default&#8221; text_font=&#8221;|600|||||||&#8221; ol_text_align=&#8221;center&#8221; header_font=&#8221;||||||||&#8221; header_text_color=&#8221;#FFFFFF&#8221; text_orientation=&#8221;center&#8221; animation_style=&#8221;slide&#8221; header_text_shadow_style=&#8221;preset1&#8243; header_text_shadow_horizontal_length=&#8221;0.03em&#8221; header_text_shadow_vertical_length=&#8221;0.02em&#8221; header_text_shadow_blur_strength=&#8221;0.34em&#8221; header_text_shadow_color=&#8221;#E02B20&#8243; global_colors_info=&#8221;{}&#8221; theme_builder_area=&#8221;post_content&#8221;]<\/p>\n<h1>PROYECTOS<\/h1>\n<p>[\/et_pb_text][\/et_pb_column][\/et_pb_row][\/et_pb_section][et_pb_section fb_built=&#8221;1&#8243; specialty=&#8221;on&#8221; _builder_version=&#8221;4.22.1&#8243; _module_preset=&#8221;default&#8221; background_enable_mask_style=&#8221;on&#8221; background_mask_style=&#8221;corner-blob&#8221; background_mask_color=&#8221;#00cbdd&#8221; box_shadow_style=&#8221;preset6&#8243; box_shadow_horizontal=&#8221;61px&#8221; box_shadow_vertical=&#8221;42px&#8221; box_shadow_color=&#8221;rgba(68,68,68,0.3)&#8221; global_colors_info=&#8221;{}&#8221; theme_builder_area=&#8221;post_content&#8221;][et_pb_column type=&#8221;1_3&#8243; _builder_version=&#8221;4.16&#8243; custom_padding=&#8221;|||&#8221; global_colors_info=&#8221;{}&#8221; custom_padding__hover=&#8221;|||&#8221; theme_builder_area=&#8221;post_content&#8221;][et_pb_text _builder_version=&#8221;4.22.1&#8243; _module_preset=&#8221;default&#8221; global_colors_info=&#8221;{}&#8221; theme_builder_area=&#8221;post_content&#8221;][\/et_pb_text][et_pb_image src=&#8221;http:\/\/sobolmat-org.preview-domain.com\/wp-content\/uploads\/2023\/10\/presentacionDECongresos1.jpeg&#8221; title_text=&#8221;presentacionDECongresos1&#8243; _builder_version=&#8221;4.22.1&#8243; _module_preset=&#8221;default&#8221; box_shadow_style=&#8221;preset5&#8243; box_shadow_horizontal=&#8221;2px&#8221; box_shadow_blur=&#8221;15px&#8221; global_colors_info=&#8221;{}&#8221; theme_builder_area=&#8221;post_content&#8221;][\/et_pb_image][\/et_pb_column][et_pb_column type=&#8221;2_3&#8243; specialty_columns=&#8221;2&#8243; _builder_version=&#8221;4.16&#8243; custom_padding=&#8221;|||&#8221; global_colors_info=&#8221;{}&#8221; custom_padding__hover=&#8221;|||&#8221; theme_builder_area=&#8221;post_content&#8221;][et_pb_row_inner column_structure=&#8221;1_2,1_2&#8243; _builder_version=&#8221;4.22.1&#8243; _module_preset=&#8221;default&#8221; global_colors_info=&#8221;{}&#8221; theme_builder_area=&#8221;post_content&#8221;][et_pb_column_inner type=&#8221;1_2&#8243; saved_specialty_column_type=&#8221;2_3&#8243; _builder_version=&#8221;4.22.1&#8243; _module_preset=&#8221;default&#8221; global_colors_info=&#8221;{}&#8221; theme_builder_area=&#8221;post_content&#8221;][et_pb_text _builder_version=&#8221;4.22.1&#8243; _module_preset=&#8221;default&#8221; box_shadow_style=&#8221;preset4&#8243; global_colors_info=&#8221;{}&#8221; theme_builder_area=&#8221;post_content&#8221;]<\/p>\n<p style=\"text-align: justify;\"><strong>Sobolmat Realiza su primer taller de problemas de olimpiadas matem\u00e1ticas con enfoque departamental<\/strong><\/p>\n<p>[\/et_pb_text][et_pb_image src=&#8221;http:\/\/sobolmat-org.preview-domain.com\/wp-content\/uploads\/2023\/10\/taller.jpeg&#8221; title_text=&#8221;taller&#8221; _builder_version=&#8221;4.22.1&#8243; _module_preset=&#8221;default&#8221; border_width_all=&#8221;3px&#8221; box_shadow_style=&#8221;preset6&#8243; global_colors_info=&#8221;{}&#8221; theme_builder_area=&#8221;post_content&#8221;][\/et_pb_image][\/et_pb_column_inner][et_pb_column_inner type=&#8221;1_2&#8243; saved_specialty_column_type=&#8221;2_3&#8243; _builder_version=&#8221;4.22.1&#8243; _module_preset=&#8221;default&#8221; global_colors_info=&#8221;{}&#8221; theme_builder_area=&#8221;post_content&#8221;][et_pb_text _builder_version=&#8221;4.22.1&#8243; _module_preset=&#8221;default&#8221; global_colors_info=&#8221;{}&#8221; theme_builder_area=&#8221;post_content&#8221;]<\/p>\n<p style=\"text-align: justify;\">La Sociedad Boliviana de Matem\u00e1tica, SOBOLMAT, llev\u00f3 a cabo un taller centrado en la resoluci\u00f3n de problemas de Olimpiadas Matem\u00e1ticas con un enfoque departamental, con el prop\u00f3sito de proporcionar capacitaci\u00f3n continua y promover la educaci\u00f3n.<\/p>\n<p style=\"text-align: justify;\">El taller ten\u00eda como objetivo brindar formaci\u00f3n a aquellas personas interesadas en los desaf\u00edos de las Olimpiadas Matem\u00e1ticas con un enfoque departamental. Estuvo dirigido a estudiantes que hab\u00edan alcanzado la etapa departamental de la Olimpiada Matem\u00e1tica, prepar\u00e1ndolos para avanzar posteriormente hacia un enfoque nacional e internacional.<\/p>\n<p style=\"text-align: justify;\">Este evento se llev\u00f3 a cabo en la Universidad Sim\u00f3n I. Pati\u00f1o.<\/p>\n<p>[\/et_pb_text][\/et_pb_column_inner][\/et_pb_row_inner][et_pb_row_inner column_structure=&#8221;1_2,1_2&#8243; _builder_version=&#8221;4.22.1&#8243; _module_preset=&#8221;default&#8221; global_colors_info=&#8221;{}&#8221; theme_builder_area=&#8221;post_content&#8221;][et_pb_column_inner type=&#8221;1_2&#8243; saved_specialty_column_type=&#8221;2_3&#8243; _builder_version=&#8221;4.22.1&#8243; _module_preset=&#8221;default&#8221; global_colors_info=&#8221;{}&#8221; theme_builder_area=&#8221;post_content&#8221;][et_pb_text _builder_version=&#8221;4.22.1&#8243; _module_preset=&#8221;default&#8221; box_shadow_style=&#8221;preset4&#8243; global_colors_info=&#8221;{}&#8221; theme_builder_area=&#8221;post_content&#8221;]<\/p>\n<p><strong>1er TALLER DE PROBLEMAS DE OLIMPIADAS MATEM\u00c1TICAS CON ENFOQUE INTERNACIONAL<\/strong><\/p>\n<p>[\/et_pb_text][\/et_pb_column_inner][et_pb_column_inner type=&#8221;1_2&#8243; saved_specialty_column_type=&#8221;2_3&#8243; _builder_version=&#8221;4.22.1&#8243; _module_preset=&#8221;default&#8221; global_colors_info=&#8221;{}&#8221; theme_builder_area=&#8221;post_content&#8221;][et_pb_text _builder_version=&#8221;4.22.1&#8243; _module_preset=&#8221;default&#8221; global_colors_info=&#8221;{}&#8221; theme_builder_area=&#8221;post_content&#8221;]<\/p>\n<p style=\"text-align: justify;\">El taller tenia como objetivo capacitar a la persona interesada en Problemas de Olimpiadas Matem\u00e1ticas con enfoque internacional, brindado la ense\u00f1anza en la forma de c\u00f3mo abordar dichos problemas.<\/p>\n<p>[\/et_pb_text][\/et_pb_column_inner][\/et_pb_row_inner][\/et_pb_column][\/et_pb_section][et_pb_section fb_built=&#8221;1&#8243; specialty=&#8221;on&#8221; _builder_version=&#8221;4.22.1&#8243; _module_preset=&#8221;default&#8221; background_enable_mask_style=&#8221;on&#8221; background_mask_style=&#8221;corner-lake&#8221; background_mask_color=&#8221;#00cbdd&#8221; box_shadow_style=&#8221;preset6&#8243; global_colors_info=&#8221;{}&#8221; theme_builder_area=&#8221;post_content&#8221;][et_pb_column type=&#8221;3_4&#8243; specialty_columns=&#8221;3&#8243; _builder_version=&#8221;4.16&#8243; custom_padding=&#8221;|||&#8221; global_colors_info=&#8221;{}&#8221; custom_padding__hover=&#8221;|||&#8221; theme_builder_area=&#8221;post_content&#8221;][et_pb_row_inner column_structure=&#8221;1_2,1_2&#8243; _builder_version=&#8221;4.22.1&#8243; _module_preset=&#8221;default&#8221; global_colors_info=&#8221;{}&#8221; theme_builder_area=&#8221;post_content&#8221;][et_pb_column_inner type=&#8221;1_2&#8243; saved_specialty_column_type=&#8221;3_4&#8243; _builder_version=&#8221;4.22.1&#8243; _module_preset=&#8221;default&#8221; global_colors_info=&#8221;{}&#8221; theme_builder_area=&#8221;post_content&#8221;][et_pb_image src=&#8221;http:\/\/sobolmat-org.preview-domain.com\/wp-content\/uploads\/2023\/10\/380844211_309647485084956_5125029933294097266_n.jpg&#8221; title_text=&#8221;380844211_309647485084956_5125029933294097266_n&#8221; _builder_version=&#8221;4.22.1&#8243; _module_preset=&#8221;default&#8221; box_shadow_style=&#8221;preset4&#8243; box_shadow_blur=&#8221;6px&#8221; global_colors_info=&#8221;{}&#8221; theme_builder_area=&#8221;post_content&#8221;][\/et_pb_image][\/et_pb_column_inner][et_pb_column_inner type=&#8221;1_2&#8243; saved_specialty_column_type=&#8221;3_4&#8243; _builder_version=&#8221;4.22.1&#8243; _module_preset=&#8221;default&#8221; global_colors_info=&#8221;{}&#8221; theme_builder_area=&#8221;post_content&#8221;][et_pb_text _builder_version=&#8221;4.22.1&#8243; _module_preset=&#8221;default&#8221; background_color=&#8221;#FFFFFF&#8221; box_shadow_style=&#8221;preset2&#8243; global_colors_info=&#8221;{}&#8221; theme_builder_area=&#8221;post_content&#8221;]<\/p>\n<p><span>La Sociedad Boliviana de Matem\u00e1tica visit\u00f3 el barrio Pumas Andinos, en el Departamento de Oruro, donde brind\u00f3 apoyo social y acad\u00e9mico en el aprendizaje de la Matem\u00e1tica. En dicha jornada los ni\u00f1os (as), cantaron, jugaron, disfrutaron de un delicioso refrigerio y fortalecieron sus conocimientos en Matem\u00e1ticas.<\/span><\/p>\n<p><span><\/span><\/p>\n<p>&nbsp;<\/p>\n<div dir=\"auto\">La actividad se realiz\u00f3 gracias a la predisposici\u00f3n del Dr. Santiago Sologuren Paz (Presidente de la Sociedad), y a los fondos propios de la SOBOLMAT obtenidos por la organizaci\u00f3n de eventos o talleres matem\u00e1ticos. Por lo que se don\u00f3 ropa, pizarras y material educativo.<\/div>\n<div dir=\"auto\">Se desea que sea el punto de inicio para muchas m\u00e1s actividades que fortalezcan la solidaridad con el pr\u00f3jimo y el aprendizaje de la Matem\u00e1tica.<\/div>\n<p>[\/et_pb_text][\/et_pb_column_inner][\/et_pb_row_inner][\/et_pb_column][et_pb_column type=&#8221;1_4&#8243; _builder_version=&#8221;4.16&#8243; custom_padding=&#8221;|||&#8221; global_colors_info=&#8221;{}&#8221; custom_padding__hover=&#8221;|||&#8221; theme_builder_area=&#8221;post_content&#8221;][et_pb_image src=&#8221;http:\/\/sobolmat-org.preview-domain.com\/wp-content\/uploads\/2023\/10\/383817094_309648261751545_3491145192366529578_n.jpg&#8221; title_text=&#8221;383817094_309648261751545_3491145192366529578_n&#8221; _builder_version=&#8221;4.22.1&#8243; _module_preset=&#8221;default&#8221; box_shadow_style=&#8221;preset4&#8243; box_shadow_blur=&#8221;7px&#8221; global_colors_info=&#8221;{}&#8221; theme_builder_area=&#8221;post_content&#8221;][\/et_pb_image][\/et_pb_column][\/et_pb_section][et_pb_section fb_built=&#8221;1&#8243; _builder_version=&#8221;4.22.1&#8243; _module_preset=&#8221;default&#8221; background_enable_mask_style=&#8221;on&#8221; background_mask_style=&#8221;diagonal-pills&#8221; background_mask_color=&#8221;#00cbdd&#8221; box_shadow_style=&#8221;preset6&#8243; global_colors_info=&#8221;{}&#8221; theme_builder_area=&#8221;post_content&#8221;][et_pb_row column_structure=&#8221;1_2,1_2&#8243; _builder_version=&#8221;4.22.1&#8243; _module_preset=&#8221;default&#8221; box_shadow_style=&#8221;preset5&#8243; global_colors_info=&#8221;{}&#8221; theme_builder_area=&#8221;post_content&#8221;][et_pb_column type=&#8221;1_2&#8243; _builder_version=&#8221;4.22.1&#8243; _module_preset=&#8221;default&#8221; global_colors_info=&#8221;{}&#8221; theme_builder_area=&#8221;post_content&#8221;][et_pb_image src=&#8221;http:\/\/sobolmat-org.preview-domain.com\/wp-content\/uploads\/2023\/10\/WhatsApp-Image-2023-10-16-at-15.30.31.jpeg&#8221; title_text=&#8221;WhatsApp Image 2023-10-16 at 15.30.31&#8243; _builder_version=&#8221;4.22.1&#8243; _module_preset=&#8221;default&#8221; box_shadow_style=&#8221;preset1&#8243; global_colors_info=&#8221;{}&#8221; theme_builder_area=&#8221;post_content&#8221;][\/et_pb_image][\/et_pb_column][et_pb_column type=&#8221;1_2&#8243; _builder_version=&#8221;4.22.1&#8243; _module_preset=&#8221;default&#8221; global_colors_info=&#8221;{}&#8221; theme_builder_area=&#8221;post_content&#8221;][et_pb_text _builder_version=&#8221;4.22.1&#8243; _module_preset=&#8221;default&#8221; background_color=&#8221;#FFFFFF&#8221; box_shadow_style=&#8221;preset6&#8243; box_shadow_horizontal=&#8221;5px&#8221; box_shadow_blur=&#8221;60px&#8221; box_shadow_color=&#8221;#00cbdd&#8221; global_colors_info=&#8221;{}&#8221; theme_builder_area=&#8221;post_content&#8221;]<\/p>\n<div class=\"flex-1 overflow-hidden\">\n<div class=\"react-scroll-to-bottom--css-tjdnk-79elbk h-full dark:bg-gray-800\">\n<div class=\"react-scroll-to-bottom--css-tjdnk-1n7m0yu\">\n<div class=\"flex flex-col text-sm dark:bg-gray-800\">\n<div class=\"group final-completion w-full text-token-text-primary border-b border-black\/10 gizmo:border-0 dark:border-gray-900\/50 gizmo:dark:border-0 bg-gray-50 gizmo:bg-transparent dark:bg-[#444654] gizmo:dark:bg-transparent\" data-testid=\"conversation-turn-5\">\n<div class=\"p-4 justify-center text-base md:gap-6 md:py-6 m-auto\">\n<div class=\"flex flex-1 gap-4 text-base mx-auto md:gap-6 gizmo:gap-3 gizmo:md:px-5 gizmo:lg:px-1 gizmo:xl:px-5 md:max-w-2xl lg:max-w-[38rem] gizmo:md:max-w-3xl gizmo:lg:max-w-[40rem] gizmo:xl:max-w-[48rem] xl:max-w-3xl }\">\n<div class=\"relative flex w-[calc(100%-50px)] flex-col gizmo:w-full lg:w-[calc(100%-115px)] agent-turn\">\n<div class=\"flex-col gap-1 md:gap-3\">\n<div class=\"flex flex-grow flex-col gap-3 max-w-full\">\n<div class=\"min-h-[20px] flex flex-col items-start gap-3 whitespace-pre-wrap break-words overflow-x-auto\">\n<div class=\"markdown prose w-full break-words dark:prose-invert light\">\n<p>La Sociedad Boliviana de Matem\u00e1ticas ofrece valiosos cursos de LaTeX, tanto en niveles b\u00e1sicos como intermedios, con el objetivo de enriquecer y fortalecer el conocimiento de numerosas personas interesadas en el campo de las matem\u00e1ticas y la documentaci\u00f3n cient\u00edfica. Esta sociedad cuenta con un distinguido grupo de matem\u00e1ticos altamente calificados, quienes desempe\u00f1an un papel fundamental en la impartici\u00f3n de estos cursos, lo que garantiza una experiencia educativa enriquecedora y de alta calidad. Los participantes tienen la oportunidad de aprender y dominar LaTeX, una herramienta esencial para la creaci\u00f3n de documentos matem\u00e1ticos y cient\u00edficos de manera eficiente y profesional. Adem\u00e1s, la Sociedad Boliviana de Matem\u00e1ticas fomenta un entorno de aprendizaje colaborativo, brindando a los participantes la oportunidad de interactuar y compartir conocimientos con expertos en el campo, lo que contribuye al crecimiento y desarrollo continuo de la comunidad matem\u00e1tica en Bolivia. Estos cursos no solo fortalecen las habilidades de los participantes, sino que tambi\u00e9n promueven la difusi\u00f3n de la ciencia y la investigaci\u00f3n en matem\u00e1ticas, lo que contribuye al avance y la excelencia en este campo en el pa\u00eds.<\/p>\n<\/div>\n<\/div>\n<\/div>\n<div class=\"flex justify-between empty:hidden gizmo:justify-start gizmo:gap-3 lg:block\">\n<div class=\"text-gray-400 flex self-end lg:self-center justify-center gizmo:lg:justify-start mt-2 gizmo:mt-0 visible lg:gap-1 lg:absolute lg:top-0 lg:translate-x-full lg:right-0 lg:mt-0 lg:pl-2 gap-2 md:gap-3\">\n<p><button class=\"flex ml-auto gizmo:ml-0 gap-2 items-center rounded-md p-1 text-xs gizmo:gap-1.5 gizmo:pl-0 dark:text-gray-400 dark:hover:bg-gray-700 dark:hover:text-gray-200 disabled:dark:hover:text-gray-400 hover:bg-gray-100 hover:text-gray-700\"><svg stroke=\"currentColor\" fill=\"none\" stroke-width=\"2\" viewbox=\"0 0 24 24\" stroke-linecap=\"round\" stroke-linejoin=\"round\" class=\"icon-sm\" height=\"1em\" width=\"1em\" xmlns=\"http:\/\/www.w3.org\/2000\/svg\"><path d=\"M16 4h2a2 2 0 0 1 2 2v14a2 2 0 0 1-2 2H6a2 2 0 0 1-2-2V6a2 2 0 0 1 2-2h2\"><\/path><rect x=\"8\" y=\"2\" width=\"8\" height=\"4\" rx=\"1\" ry=\"1\"><\/rect><\/svg><\/button><\/p>\n<div class=\"flex gap-1 gizmo:gap-3\"><button class=\"p-1 gizmo:pl-0 rounded-md disabled:dark:hover:text-gray-400 dark:hover:text-gray-200 dark:text-gray-400 hover:bg-gray-100 hover:text-gray-700 dark:hover:bg-gray-700\"><svg stroke=\"currentColor\" fill=\"none\" stroke-width=\"2\" viewbox=\"0 0 24 24\" stroke-linecap=\"round\" stroke-linejoin=\"round\" class=\"icon-sm\" height=\"1em\" width=\"1em\" xmlns=\"http:\/\/www.w3.org\/2000\/svg\"><path d=\"M14 9V5a3 3 0 0 0-3-3l-4 9v11h11.28a2 2 0 0 0 2-1.7l1.38-9a2 2 0 0 0-2-2.3zM7 22H4a2 2 0 0 1-2-2v-7a2 2 0 0 1 2-2h3\"><\/path><\/svg><\/button><button class=\"p-1 gizmo:pl-0 rounded-md disabled:dark:hover:text-gray-400 dark:hover:text-gray-200 dark:text-gray-400 hover:bg-gray-100 hover:text-gray-700 dark:hover:bg-gray-700\"><svg stroke=\"currentColor\" fill=\"none\" stroke-width=\"2\" viewbox=\"0 0 24 24\" stroke-linecap=\"round\" stroke-linejoin=\"round\" class=\"icon-sm\" height=\"1em\" width=\"1em\" xmlns=\"http:\/\/www.w3.org\/2000\/svg\"><path d=\"M10 15v4a3 3 0 0 0 3 3l4-9V2H5.72a2 2 0 0 0-2 1.7l-1.38 9a2 2 0 0 0 2 2.3zm7-13h2.67A2.31 2.31 0 0 1 22 4v7a2.31 2.31 0 0 1-2.33 2H17\"><\/path><\/svg><\/button><\/div>\n<\/div>\n<\/div>\n<\/div>\n<\/div>\n<\/div>\n<\/div>\n<\/div>\n<div class=\"h-32 md:h-48 flex-shrink-0\"><\/div>\n<p><button class=\"cursor-pointer absolute z-10 rounded-full border text-gray-600 dark:border-white\/10 dark:bg-white\/10 dark:text-gray-200 right-6 bottom-[124px] md:bottom-[180px] gizmo:md:bottom-[143px] lg:bottom-[120px] border-gray-200 bg-gray-50\"><svg stroke=\"currentColor\" fill=\"none\" stroke-width=\"2\" viewbox=\"0 0 24 24\" stroke-linecap=\"round\" stroke-linejoin=\"round\" class=\"icon-sm m-1\" height=\"1em\" width=\"1em\" xmlns=\"http:\/\/www.w3.org\/2000\/svg\"> <line x1=\"12\" y1=\"5\" x2=\"12\" y2=\"19\"><\/line><polyline points=\"19 12 12 19 5 12\"><\/polyline><\/svg><\/button><\/p>\n<\/div>\n<\/div>\n<\/div>\n<\/div>\n<div class=\"w-full pt-2 border-t md:border-t-0 dark:border-white\/20 md:border-transparent md:dark:border-transparent md:pl-2 md:w-[calc(100%-.5rem)] absolute bottom-0 left-0 md:bg-vert-light-gradient bg-white dark:bg-gray-800 md:!bg-transparent dark:md:bg-vert-dark-gradient\">\n<form class=\"stretch mx-2 flex flex-row gap-3 last:mb-2 md:mx-4 md:last:mb-6 lg:mx-auto lg:max-w-2xl xl:max-w-3xl\">\n<div class=\"relative flex h-full flex-1 items-stretch md:flex-col\">\n<div>\n<div class=\"h-full flex ml-1 md:w-full md:m-auto md:mb-4 gap-0 md:gap-2 justify-center\"><\/div>\n<\/div>\n<\/div>\n<\/form>\n<\/div>\n<p>[\/et_pb_text][\/et_pb_column][\/et_pb_row][\/et_pb_section]<\/p>\n","protected":false},"excerpt":{"rendered":"<p>PROYECTOSSobolmat Realiza su primer taller de problemas de olimpiadas matem\u00e1ticas con enfoque departamentalLa Sociedad Boliviana de Matem\u00e1tica, SOBOLMAT, llev\u00f3 a cabo un taller centrado en la resoluci\u00f3n de problemas de Olimpiadas Matem\u00e1ticas con un enfoque departamental, con el prop\u00f3sito de proporcionar capacitaci\u00f3n continua y promover la educaci\u00f3n. El taller ten\u00eda como objetivo brindar formaci\u00f3n a [&hellip;]<\/p>\n","protected":false},"author":1,"featured_media":0,"parent":0,"menu_order":0,"comment_status":"closed","ping_status":"closed","template":"","meta":{"_et_pb_use_builder":"on","_et_pb_old_content":"","_et_gb_content_width":"","footnotes":""},"_links":{"self":[{"href":"https:\/\/sobolmat.org\/index.php?rest_route=\/wp\/v2\/pages\/133"}],"collection":[{"href":"https:\/\/sobolmat.org\/index.php?rest_route=\/wp\/v2\/pages"}],"about":[{"href":"https:\/\/sobolmat.org\/index.php?rest_route=\/wp\/v2\/types\/page"}],"author":[{"embeddable":true,"href":"https:\/\/sobolmat.org\/index.php?rest_route=\/wp\/v2\/users\/1"}],"replies":[{"embeddable":true,"href":"https:\/\/sobolmat.org\/index.php?rest_route=%2Fwp%2Fv2%2Fcomments&post=133"}],"version-history":[{"count":1,"href":"https:\/\/sobolmat.org\/index.php?rest_route=\/wp\/v2\/pages\/133\/revisions"}],"predecessor-version":[{"id":546,"href":"https:\/\/sobolmat.org\/index.php?rest_route=\/wp\/v2\/pages\/133\/revisions\/546"}],"wp:attachment":[{"href":"https:\/\/sobolmat.org\/index.php?rest_route=%2Fwp%2Fv2%2Fmedia&parent=133"}],"curies":[{"name":"wp","href":"https:\/\/api.w.org\/{rel}","templated":true}]}}